{"id":6489,"date":"2017-04-12T12:37:37","date_gmt":"2017-04-12T12:37:37","guid":{"rendered":"https:\/\/brasmold.ca\/career\/"},"modified":"2017-06-14T08:31:04","modified_gmt":"2017-06-14T12:31:04","slug":"carriere","status":"publish","type":"page","link":"https:\/\/brasmold.ca\/fr\/carriere\/","title":{"rendered":"Carri\u00e8re"},"content":{"rendered":"<div class=\"wpb-content-wrapper\">[vc_row type=\u00a0\u00bbdefault\u00a0\u00bb section_id=\u00a0\u00bb\u00a0\u00bb height=\u00a0\u00bb\u00a0\u00bb parallax_ratio=\u00a0\u00bb0.1&Prime; image_mobile=\u00a0\u00bb\u00a0\u00bb image=\u00a0\u00bb\u00a0\u00bb kenburns_images=\u00a0\u00bb\u00a0\u00bb video_src=\u00a0\u00bb\u00a0\u00bb video_type=\u00a0\u00bbmp4&Prime; with_container=\u00a0\u00bbtrue\u00a0\u00bb section_button=\u00a0\u00bb\u00a0\u00bb button_label=\u00a0\u00bb\u00a0\u00bb container_id=\u00a0\u00bb\u00a0\u00bb scroll=\u00a0\u00bbno\u00a0\u00bb ct_u_color=\u00a0\u00bbct-u-colorDarkerGray\u00a0\u00bb ct_u_padding=\u00a0\u00bb\u00a0\u00bb ct_u_margin=\u00a0\u00bb\u00a0\u00bb ct_u_bg_color=\u00a0\u00bbct-u-backgroundWhite\u00a0\u00bb ct_u_border=\u00a0\u00bb\u00a0\u00bb ct_u_diagonal1=\u00a0\u00bb\u00a0\u00bb ct_u_diagonal2=\u00a0\u00bb\u00a0\u00bb ct_u_shadow=\u00a0\u00bb\u00a0\u00bb full_width=\u00a0\u00bb\u00a0\u00bb gap=\u00a0\u00bb0&Prime; full_height=\u00a0\u00bbyes\u00a0\u00bb columns_placement=\u00a0\u00bbmiddle\u00a0\u00bb equal_height=\u00a0\u00bbyes\u00a0\u00bb content_placement=\u00a0\u00bb\u00a0\u00bb video_bg=\u00a0\u00bbyes\u00a0\u00bb video_bg_url=\u00a0\u00bbhttps:\/\/www.youtube.com\/watch?v=lMJXxhRFO1k\u00a0\u00bb video_bg_parallax=\u00a0\u00bb\u00a0\u00bb parallax=\u00a0\u00bb\u00a0\u00bb parallax_image=\u00a0\u00bb\u00a0\u00bb parallax_speed_video=\u00a0\u00bb1.5&Prime; parallax_speed_bg=\u00a0\u00bb1.5&Prime; css_animation=\u00a0\u00bb\u00a0\u00bb el_id=\u00a0\u00bb\u00a0\u00bb disable_element=\u00a0\u00bbyes\u00a0\u00bb el_class=\u00a0\u00bb\u00a0\u00bb css=\u00a0\u00bb.vc_custom_1493391096238{padding-top: 1px !important;padding-bottom: 1px !important;}\u00a0\u00bb animation_speed=\u00a0\u00bb\u00a0\u00bb animation=\u00a0\u00bb\u00a0\u00bb][vc_column width=\u00a0\u00bb1\/1&Prime; css_animation=\u00a0\u00bb\u00a0\u00bb el_class=\u00a0\u00bb\u00a0\u00bb css=\u00a0\u00bb.vc_custom_1493391103944{padding-top: 1px !important;padding-bottom: 1px !important;}\u00a0\u00bb offset=\u00a0\u00bb\u00a0\u00bb full_width=\u00a0\u00bb\u00a0\u00bb align=\u00a0\u00bb\u00a0\u00bb animation_speed=\u00a0\u00bb\u00a0\u00bb animation=\u00a0\u00bb\u00a0\u00bb]<header  class=\"ct-pageSectionHeader ct-pageSectionHeader--numbered ct-u-marginBottom10\"><h2 class=\"ct-u-marginBottom10\"><span class=\"ct-u-colorDarkerGray ct-u-marginTop100 ct-fw-600\">Une carri\u00e8re chez Brasmold vous int\u00e9resse?<\/span><\/h2><\/header>[vc_column_text css=\u00a0\u00bb.vc_custom_1497443336368{margin-bottom: 40px !important;}\u00a0\u00bb]<span style=\"font-weight: 400;\">Consultez la page <a href=\"?page_id=6218\">NOUS JOINDRE<\/a> ou faites-nous parvenir votre r\u00e9sum\u00e9 \u00e0 \u00a0: <\/span><a href=\"mailto:brasmold@brasmold.ca\"><span style=\"font-weight: 400;\">brasmold@brasmold.ca<\/span><\/a>[\/vc_column_text][\/vc_column][\/vc_row]\n<\/div>","protected":false},"excerpt":{"rendered":"<p>[vc_row type=\u00a0\u00bbdefault\u00a0\u00bb section_id=\u00a0\u00bb\u00a0\u00bb height=\u00a0\u00bb\u00a0\u00bb parallax_ratio=\u00a0\u00bb0.1&Prime; image_mobile=\u00a0\u00bb\u00a0\u00bb image=\u00a0\u00bb\u00a0\u00bb kenburns_images=\u00a0\u00bb\u00a0\u00bb video_src=\u00a0\u00bb\u00a0\u00bb video_type=\u00a0\u00bbmp4&Prime; with_container=\u00a0\u00bbtrue\u00a0\u00bb section_button=\u00a0\u00bb\u00a0\u00bb button_label=\u00a0\u00bb\u00a0\u00bb container_id=\u00a0\u00bb\u00a0\u00bb scroll=\u00a0\u00bbno\u00a0\u00bb ct_u_color=\u00a0\u00bbct-u-colorDarkerGray\u00a0\u00bb ct_u_padding=\u00a0\u00bb\u00a0\u00bb ct_u_margin=\u00a0\u00bb\u00a0\u00bb ct_u_bg_color=\u00a0\u00bbct-u-backgroundWhite\u00a0\u00bb ct_u_border=\u00a0\u00bb\u00a0\u00bb [&hellip;]<\/p>\n","protected":false},"author":4,"featured_media":0,"parent":0,"menu_order":0,"comment_status":"closed","ping_status":"closed","template":"","meta":{"footnotes":""},"class_list":["post-6489","page","type-page","status-publish","hentry"],"_links":{"self":[{"href":"https:\/\/brasmold.ca\/fr\/wp-json\/wp\/v2\/pages\/6489","targetHints":{"allow":["GET"]}}],"collection":[{"href":"https:\/\/brasmold.ca\/fr\/wp-json\/wp\/v2\/pages"}],"about":[{"href":"https:\/\/brasmold.ca\/fr\/wp-json\/wp\/v2\/types\/page"}],"author":[{"embeddable":true,"href":"https:\/\/brasmold.ca\/fr\/wp-json\/wp\/v2\/users\/4"}],"replies":[{"embeddable":true,"href":"https:\/\/brasmold.ca\/fr\/wp-json\/wp\/v2\/comments?post=6489"}],"version-history":[{"count":2,"href":"https:\/\/brasmold.ca\/fr\/wp-json\/wp\/v2\/pages\/6489\/revisions"}],"predecessor-version":[{"id":6491,"href":"https:\/\/brasmold.ca\/fr\/wp-json\/wp\/v2\/pages\/6489\/revisions\/6491"}],"wp:attachment":[{"href":"https:\/\/brasmold.ca\/fr\/wp-json\/wp\/v2\/media?parent=6489"}],"curies":[{"name":"wp","href":"https:\/\/api.w.org\/{rel}","templated":true}]}}