{"id":6485,"date":"2017-04-12T12:37:03","date_gmt":"2017-04-12T12:37:03","guid":{"rendered":"https:\/\/brasmold.ca\/environmental\/"},"modified":"2017-06-14T08:24:59","modified_gmt":"2017-06-14T12:24:59","slug":"environnement","status":"publish","type":"page","link":"https:\/\/brasmold.ca\/fr\/environnement\/","title":{"rendered":"Environnement"},"content":{"rendered":"<div class=\"wpb-content-wrapper\">[vc_row type=\u00a0\u00bbdefault\u00a0\u00bb section_id=\u00a0\u00bb\u00a0\u00bb height=\u00a0\u00bb\u00a0\u00bb parallax_ratio=\u00a0\u00bb0.1&Prime; image_mobile=\u00a0\u00bb\u00a0\u00bb image=\u00a0\u00bb\u00a0\u00bb kenburns_images=\u00a0\u00bb\u00a0\u00bb video_src=\u00a0\u00bb\u00a0\u00bb video_type=\u00a0\u00bbmp4&Prime; with_container=\u00a0\u00bbtrue\u00a0\u00bb section_button=\u00a0\u00bb\u00a0\u00bb button_label=\u00a0\u00bb\u00a0\u00bb container_id=\u00a0\u00bb\u00a0\u00bb scroll=\u00a0\u00bbno\u00a0\u00bb ct_u_color=\u00a0\u00bbct-u-colorDarkerGray\u00a0\u00bb ct_u_padding=\u00a0\u00bb\u00a0\u00bb ct_u_margin=\u00a0\u00bb\u00a0\u00bb ct_u_bg_color=\u00a0\u00bbct-u-backgroundWhite\u00a0\u00bb ct_u_border=\u00a0\u00bb\u00a0\u00bb ct_u_diagonal1=\u00a0\u00bb\u00a0\u00bb ct_u_diagonal2=\u00a0\u00bb\u00a0\u00bb ct_u_shadow=\u00a0\u00bb\u00a0\u00bb full_width=\u00a0\u00bb\u00a0\u00bb gap=\u00a0\u00bb0&Prime; full_height=\u00a0\u00bbyes\u00a0\u00bb columns_placement=\u00a0\u00bbmiddle\u00a0\u00bb equal_height=\u00a0\u00bbyes\u00a0\u00bb content_placement=\u00a0\u00bb\u00a0\u00bb video_bg=\u00a0\u00bbyes\u00a0\u00bb video_bg_url=\u00a0\u00bbhttps:\/\/www.youtube.com\/watch?v=lMJXxhRFO1k\u00a0\u00bb video_bg_parallax=\u00a0\u00bb\u00a0\u00bb parallax=\u00a0\u00bb\u00a0\u00bb parallax_image=\u00a0\u00bb\u00a0\u00bb parallax_speed_video=\u00a0\u00bb1.5&Prime; parallax_speed_bg=\u00a0\u00bb1.5&Prime; css_animation=\u00a0\u00bb\u00a0\u00bb el_id=\u00a0\u00bb\u00a0\u00bb disable_element=\u00a0\u00bbyes\u00a0\u00bb el_class=\u00a0\u00bb\u00a0\u00bb css=\u00a0\u00bb.vc_custom_1493402715322{margin-top: 40px !important;margin-bottom: 40px !important;}\u00a0\u00bb animation_speed=\u00a0\u00bb\u00a0\u00bb animation=\u00a0\u00bb\u00a0\u00bb][vc_column width=\u00a0\u00bb1\/1&Prime; css_animation=\u00a0\u00bb\u00a0\u00bb el_class=\u00a0\u00bb\u00a0\u00bb css=\u00a0\u00bb.vc_custom_1493384344303{padding-top: 1px !important;padding-bottom: 1px !important;}\u00a0\u00bb offset=\u00a0\u00bb\u00a0\u00bb full_width=\u00a0\u00bb\u00a0\u00bb align=\u00a0\u00bb\u00a0\u00bb animation_speed=\u00a0\u00bb\u00a0\u00bb animation=\u00a0\u00bb\u00a0\u00bb]<header  class=\"ct-pageSectionHeader ct-pageSectionHeader--numbered ct-u-marginBottom10\"><h2 class=\"ct-u-marginBottom10\"><span class=\"ct-u-colorDarkerGray ct-u-marginTop100 ct-fw-600\">Politique environnementale<\/span><small class=\"ct-u-colorMotive ct-fw-300\">Soucieux de l'environnement<\/small><\/h2><\/header>[vc_column_text css=\u00a0\u00bb.vc_custom_1497442972014{margin-bottom: 40px !important;}\u00a0\u00bb]<span style=\"font-weight: 400;\">La protection de l\u2019environnement s\u2019inscrit dans la politique g\u00e9n\u00e9rale de Brasmold. Nous nous engageons \u00e0 poursuivre nos efforts dans la r\u00e9duction de notre impact sur l\u2019environnement par la mise en place de pratiques appropri\u00e9es dans tous les domaines d\u2019activit\u00e9 de l\u2019entreprise\u00a0:<\/span><\/p>\n<ul>\n<li><span style=\"font-weight: 400;\">Respect de la r\u00e9glementation<\/span><\/li>\n<li><span style=\"font-weight: 400;\">R\u00e9duction ou suppression des substances dangereuses <\/span><\/li>\n<li><span style=\"font-weight: 400;\">Recyclage et l\u2019\u00e9limination des d\u00e9chets par des fili\u00e8res approuv\u00e9es <\/span><\/li>\n<\/ul>\n[\/vc_column_text][vc_media_grid gap=\u00a0\u00bb20&Prime; grid_id=\u00a0\u00bbvc_gid:1497442859893-8336c064-1695-8&Prime; include=\u00a0\u00bb6448,6449,6450&Prime; css=\u00a0\u00bb.vc_custom_1497380956731{margin-top: 40px !important;}\u00a0\u00bb][\/vc_column][\/vc_row]\n<\/div>","protected":false},"excerpt":{"rendered":"<p>[vc_row type=\u00a0\u00bbdefault\u00a0\u00bb section_id=\u00a0\u00bb\u00a0\u00bb height=\u00a0\u00bb\u00a0\u00bb parallax_ratio=\u00a0\u00bb0.1&Prime; image_mobile=\u00a0\u00bb\u00a0\u00bb image=\u00a0\u00bb\u00a0\u00bb kenburns_images=\u00a0\u00bb\u00a0\u00bb video_src=\u00a0\u00bb\u00a0\u00bb video_type=\u00a0\u00bbmp4&Prime; with_container=\u00a0\u00bbtrue\u00a0\u00bb section_button=\u00a0\u00bb\u00a0\u00bb button_label=\u00a0\u00bb\u00a0\u00bb container_id=\u00a0\u00bb\u00a0\u00bb scroll=\u00a0\u00bbno\u00a0\u00bb ct_u_color=\u00a0\u00bbct-u-colorDarkerGray\u00a0\u00bb ct_u_padding=\u00a0\u00bb\u00a0\u00bb ct_u_margin=\u00a0\u00bb\u00a0\u00bb ct_u_bg_color=\u00a0\u00bbct-u-backgroundWhite\u00a0\u00bb ct_u_border=\u00a0\u00bb\u00a0\u00bb [&hellip;]<\/p>\n","protected":false},"author":4,"featured_media":0,"parent":0,"menu_order":0,"comment_status":"closed","ping_status":"closed","template":"","meta":{"footnotes":""},"class_list":["post-6485","page","type-page","status-publish","hentry"],"_links":{"self":[{"href":"https:\/\/brasmold.ca\/fr\/wp-json\/wp\/v2\/pages\/6485","targetHints":{"allow":["GET"]}}],"collection":[{"href":"https:\/\/brasmold.ca\/fr\/wp-json\/wp\/v2\/pages"}],"about":[{"href":"https:\/\/brasmold.ca\/fr\/wp-json\/wp\/v2\/types\/page"}],"author":[{"embeddable":true,"href":"https:\/\/brasmold.ca\/fr\/wp-json\/wp\/v2\/users\/4"}],"replies":[{"embeddable":true,"href":"https:\/\/brasmold.ca\/fr\/wp-json\/wp\/v2\/comments?post=6485"}],"version-history":[{"count":2,"href":"https:\/\/brasmold.ca\/fr\/wp-json\/wp\/v2\/pages\/6485\/revisions"}],"predecessor-version":[{"id":6487,"href":"https:\/\/brasmold.ca\/fr\/wp-json\/wp\/v2\/pages\/6485\/revisions\/6487"}],"wp:attachment":[{"href":"https:\/\/brasmold.ca\/fr\/wp-json\/wp\/v2\/media?parent=6485"}],"curies":[{"name":"wp","href":"https:\/\/api.w.org\/{rel}","templated":true}]}}